{"id":25446,"date":"2021-07-02T19:16:43","date_gmt":"2021-07-02T19:16:43","guid":{"rendered":"https:\/\/iedlapresentacion.edu.co\/portal\/?page_id=25446"},"modified":"2021-07-02T19:26:28","modified_gmt":"2021-07-02T19:26:28","slug":"ambiente-escolar","status":"publish","type":"page","link":"https:\/\/iedlapresentacion.edu.co\/portal\/ambiente-escolar\/","title":{"rendered":"Ambiente escolar"},"content":{"rendered":"\t\t<div data-elementor-type=\"wp-page\" data-elementor-id=\"25446\" class=\"elementor elementor-25446\" data-elementor-settings=\"[]\">\n\t\t\t\t\t\t<div class=\"elementor-inner\">\n\t\t\t\t\t\t\t<div class=\"elementor-section-wrap\">\n\t\t\t\t\t\t\t<section data-marvy_enable_drop_animation=\"false\" data-marvy_enable_fancy_rotate=\"false\" data-marvy_enable_flying_object=\"false\" data-marvy_enable_ripples_animation=\"false\" data-marvy_enable_waves_animation=\"false\" data-marvy_enable_rings_animation=\"false\" data-marvy_enable_topology_animation=\"false\" data-marvy_enable_gradient_animation=\"false\" data-marvy_enable_snow_animation=\"false\" data-marvy_enable_firework_animation=\"false\" class=\"elementor-section elementor-top-section elementor-element elementor-element-e3b98b9 elementor-reverse-mobile elementor-section-boxed elementor-section-height-default elementor-section-height-default\" data-id=\"e3b98b9\" data-element_type=\"section\" data-settings=\"{&quot;background_background&quot;:&quot;classic&quot;,&quot;shape_divider_bottom&quot;:&quot;waves&quot;,&quot;shape_divider_bottom_negative&quot;:&quot;yes&quot;}\">\n\t\t\t\t\t\t\t<div class=\"elementor-background-overlay\"><\/div>\n\t\t\t\t\t\t<div class=\"elementor-shape elementor-shape-bottom\" data-negative=\"true\">\n\t\t\t<svg xmlns=\"http:\/\/www.w3.org\/2000\/svg\" viewBox=\"0 0 1000 100\" preserveAspectRatio=\"none\">\n\t<path class=\"elementor-shape-fill\" d=\"M790.5,93.1c-59.3-5.3-116.8-18-192.6-50c-29.6-12.7-76.9-31-100.5-35.9c-23.6-4.9-52.6-7.8-75.5-5.3\n\tc-10.2,1.1-22.6,1.4-50.1,7.4c-27.2,6.3-58.2,16.6-79.4,24.7c-41.3,15.9-94.9,21.9-134,22.6C72,58.2,0,25.8,0,25.8V100h1000V65.3\n\tc0,0-51.5,19.4-106.2,25.7C839.5,97,814.1,95.2,790.5,93.1z\"\/>\n<\/svg>\t\t<\/div>\n\t\t\t\t\t<div class=\"elementor-container elementor-column-gap-default\">\n\t\t\t\t\t\t\t<div class=\"elementor-row\">\n\t\t\t\t\t<div class=\"elementor-column elementor-col-100 elementor-top-column elementor-element elementor-element-ac59075\" data-id=\"ac59075\" data-element_type=\"column\">\n\t\t\t<div class=\"elementor-column-wrap elementor-element-populated\">\n\t\t\t\t\t\t\t<div class=\"elementor-widget-wrap\">\n\t\t\t\t\t\t<div class=\"elementor-element elementor-element-aad10dc elementor-widget elementor-widget-heading\" data-id=\"aad10dc\" data-element_type=\"widget\" data-widget_type=\"heading.default\">\n\t\t\t\t<div class=\"elementor-widget-container\">\n\t\t\t<h1 class=\"elementor-heading-title elementor-size-default\">Ambiente escolar<\/h1>\t\t<\/div>\n\t\t\t\t<\/div>\n\t\t\t\t\t\t<\/div>\n\t\t\t\t\t<\/div>\n\t\t<\/div>\n\t\t\t\t\t\t\t\t<\/div>\n\t\t\t\t\t<\/div>\n\t\t<\/section>\n\t\t\t\t<section data-marvy_enable_drop_animation=\"false\" data-marvy_enable_fancy_rotate=\"false\" data-marvy_enable_flying_object=\"false\" data-marvy_enable_ripples_animation=\"false\" data-marvy_enable_waves_animation=\"false\" data-marvy_enable_rings_animation=\"false\" data-marvy_enable_topology_animation=\"false\" data-marvy_enable_gradient_animation=\"false\" data-marvy_enable_snow_animation=\"false\" data-marvy_enable_firework_animation=\"false\" class=\"elementor-section elementor-top-section elementor-element elementor-element-2ygtfvz elementor-section-boxed elementor-section-height-default elementor-section-height-default\" data-id=\"2ygtfvz\" data-element_type=\"section\" data-settings=\"{&quot;background_background&quot;:&quot;classic&quot;}\">\n\t\t\t\t\t\t<div class=\"elementor-container elementor-column-gap-no\">\n\t\t\t\t\t\t\t<div class=\"elementor-row\">\n\t\t\t\t\t<div class=\"elementor-column elementor-col-100 elementor-top-column elementor-element elementor-element-7d39467\" data-id=\"7d39467\" data-element_type=\"column\">\n\t\t\t<div class=\"elementor-column-wrap elementor-element-populated\">\n\t\t\t\t\t\t\t<div class=\"elementor-widget-wrap\">\n\t\t\t\t\t\t<section data-marvy_enable_drop_animation=\"false\" data-marvy_enable_fancy_rotate=\"false\" data-marvy_enable_flying_object=\"false\" data-marvy_enable_ripples_animation=\"false\" data-marvy_enable_waves_animation=\"false\" data-marvy_enable_rings_animation=\"false\" data-marvy_enable_topology_animation=\"false\" data-marvy_enable_gradient_animation=\"false\" data-marvy_enable_snow_animation=\"false\" data-marvy_enable_firework_animation=\"false\" class=\"elementor-section elementor-inner-section elementor-element elementor-element-74269ff elementor-section-boxed elementor-section-height-default elementor-section-height-default\" data-id=\"74269ff\" data-element_type=\"section\">\n\t\t\t\t\t\t<div class=\"elementor-container elementor-column-gap-no\">\n\t\t\t\t\t\t\t<div class=\"elementor-row\">\n\t\t\t\t\t<div class=\"elementor-column elementor-col-100 elementor-inner-column elementor-element elementor-element-e4f0e0c elementor-invisible\" data-id=\"e4f0e0c\" data-element_type=\"column\" data-settings=\"{&quot;animation&quot;:&quot;fadeInUp&quot;}\">\n\t\t\t<div class=\"elementor-column-wrap elementor-element-populated\">\n\t\t\t\t\t\t\t<div class=\"elementor-widget-wrap\">\n\t\t\t\t\t\t<div class=\"elementor-element elementor-element-1701d10 elementor-widget elementor-widget-testimonial\" data-id=\"1701d10\" data-element_type=\"widget\" data-widget_type=\"testimonial.default\">\n\t\t\t\t<div class=\"elementor-widget-container\">\n\t\t\t\t\t<div class=\"elementor-testimonial-wrapper\">\n\t\t\t\t\t\t\t<div class=\"elementor-testimonial-content\"><strong>CULTURA INSTITUCIONAL<\/strong><br>\nPara informar, motivar, comprometer la instituci\u00f3n utiliza equipo de amplificaci\u00f3n, correo electr\u00f3nico, mensajes telefon\u00eda, circulares, formatos, documentos, folletos, blogs institucionales en el proceso del mejoramiento. Toda situaci\u00f3n o dificultad en el direccionamiento estrat\u00e9gico es consultado y\/o analizado en equipo para hacer correctivos o superar problemas. El ambiente es participativo y de libre expresi\u00f3n u opini\u00f3n. Los logros son reconocidos teniendo en cuenta el programa de est\u00edmulos institucionales.<\/div>\n\t\t\t\n\t\t\t\t\t<\/div>\n\t\t\t\t<\/div>\n\t\t\t\t<\/div>\n\t\t\t\t<div class=\"elementor-element elementor-element-65402b2 elementor-invisible elementor-widget elementor-widget-testimonial\" data-id=\"65402b2\" data-element_type=\"widget\" data-settings=\"{&quot;_animation&quot;:&quot;fadeInUp&quot;}\" data-widget_type=\"testimonial.default\">\n\t\t\t\t<div class=\"elementor-widget-container\">\n\t\t\t\t\t<div class=\"elementor-testimonial-wrapper\">\n\t\t\t\t\t\t\t<div class=\"elementor-testimonial-content\"><strong>CLIMA INSTITUCIONAL.<\/strong>\n<br>\n\nLa instituci\u00f3n, en su planta f\u00edsica, no cuenta con los suficientes espacios para el desarrollo del aprendizaje y la convivencia de los miembros, no hemos podido solucionar esta situaci\u00f3n porque la propiedad es de las Hermanas Dominicas de La Presentaci\u00f3n y pese a la gesti\u00f3n realizada solo se ha conseguido el alquiler del establecimiento, lo que crea inconvenientes porque no se pueden hacer modificaciones ni ampliaci\u00f3n de la misma.<br><br>\n\nEl ambiente en general es bueno, las ni\u00f1as y padres de familia quieren la instituci\u00f3n y la eligen por el reconocimiento en la formaci\u00f3n de las j\u00f3venes. Existe un programa de inducci\u00f3n para estudiantes nuevas y sus padres o acudientes.\n<br>\n<br>\nMuy a pesar del contexto socio-cultural, no se dan en la instituci\u00f3n casos de acoso o bulling y en su mayor\u00eda las ni\u00f1as aceptan la orientaci\u00f3n escolar y su organizaci\u00f3n.\n\n <br>\n\nEl manual de convivencia se ha revisado y ajustado con el fin de introducir mejoras y acatar las directrices de la ley 1620 del 15 de marzo de 2.013 y el decreto 1965 del 11 de septiembre de 2.013.\n<br>\n \n\nLa siguiente tarea consiste en socializar estudiantes y padres de familia y someterlo a los ajustes para que el manual cumpla sus funciones para la sana convivencia regida por principios y valores. (ANEXO N\u00b0 3)\n\n <br>\n<br>\nPara lograr los objetivos espec\u00edficos del plan de mejoramiento tenemos apoyo de otras dependencias de la Alcald\u00eda como Secretar\u00eda de Salud que presta servicios profesionales: nutricionista, sic\u00f3logo (a), trabajador (a) social; Secretar\u00eda de Cultura que colabora con instructores y el colegio funciona como Casa de la Cultura; muchas estudiantes se benefician con la ayuda y los servicios de la Fundaci\u00f3n Chilena Internacional; la Polic\u00eda Nacional contribuye con la seguridad y charlas de prevenci\u00f3n; algunos padres de familia participan en la autoevaluaci\u00f3n, planeaci\u00f3n y los diferentes comit\u00e9s.<\/div>\n\t\t\t\n\t\t\t\t\t<\/div>\n\t\t\t\t<\/div>\n\t\t\t\t<\/div>\n\t\t\t\t\t\t<\/div>\n\t\t\t\t\t<\/div>\n\t\t<\/div>\n\t\t\t\t\t\t\t\t<\/div>\n\t\t\t\t\t<\/div>\n\t\t<\/section>\n\t\t\t\t\t\t<\/div>\n\t\t\t\t\t<\/div>\n\t\t<\/div>\n\t\t\t\t\t\t\t\t<\/div>\n\t\t\t\t\t<\/div>\n\t\t<\/section>\n\t\t\t\t\t\t<\/div>\n\t\t\t\t\t\t<\/div>\n\t\t\t\t\t<\/div>\n\t\t","protected":false},"excerpt":{"rendered":"<p>Ambiente escolar CULTURA INSTITUCIONAL Para informar, motivar, comprometer la instituci\u00f3n utiliza equipo de amplificaci\u00f3n, correo electr\u00f3nico, mensajes telefon\u00eda, circulares, formatos, documentos, folletos, blogs institucionales en el proceso del mejoramiento. Toda situaci\u00f3n o dificultad en el direccionamiento estrat\u00e9gico es consultado y\/o analizado en equipo para hacer correctivos o superar problemas. El ambiente es participativo y de &hellip;<\/p>\n<p class=\"read-more\"> <a class=\"\" href=\"https:\/\/iedlapresentacion.edu.co\/portal\/ambiente-escolar\/\"> <span class=\"screen-reader-text\">Ambiente escolar<\/span> Leer m\u00e1s &raquo;<\/a><\/p>\n","protected":false},"author":1,"featured_media":0,"parent":0,"menu_order":0,"comment_status":"closed","ping_status":"closed","template":"","meta":{"site-sidebar-layout":"no-sidebar","site-content-layout":"page-builder","ast-main-header-display":"","ast-hfb-above-header-display":"","ast-hfb-below-header-display":"","ast-hfb-mobile-header-display":"","site-post-title":"disabled","ast-breadcrumbs-content":"","ast-featured-img":"disabled","footer-sml-layout":"","theme-transparent-header-meta":"default","adv-header-id-meta":"","stick-header-meta":"","header-above-stick-meta":"","header-main-stick-meta":"","header-below-stick-meta":"","footnotes":""},"_links":{"self":[{"href":"https:\/\/iedlapresentacion.edu.co\/portal\/wp-json\/wp\/v2\/pages\/25446"}],"collection":[{"href":"https:\/\/iedlapresentacion.edu.co\/portal\/wp-json\/wp\/v2\/pages"}],"about":[{"href":"https:\/\/iedlapresentacion.edu.co\/portal\/wp-json\/wp\/v2\/types\/page"}],"author":[{"embeddable":true,"href":"https:\/\/iedlapresentacion.edu.co\/portal\/wp-json\/wp\/v2\/users\/1"}],"replies":[{"embeddable":true,"href":"https:\/\/iedlapresentacion.edu.co\/portal\/wp-json\/wp\/v2\/comments?post=25446"}],"version-history":[{"count":11,"href":"https:\/\/iedlapresentacion.edu.co\/portal\/wp-json\/wp\/v2\/pages\/25446\/revisions"}],"predecessor-version":[{"id":25459,"href":"https:\/\/iedlapresentacion.edu.co\/portal\/wp-json\/wp\/v2\/pages\/25446\/revisions\/25459"}],"wp:attachment":[{"href":"https:\/\/iedlapresentacion.edu.co\/portal\/wp-json\/wp\/v2\/media?parent=25446"}],"curies":[{"name":"wp","href":"https:\/\/api.w.org\/{rel}","templated":true}]}}