{"id":25366,"date":"2021-06-15T18:43:46","date_gmt":"2021-06-15T18:43:46","guid":{"rendered":"https:\/\/iedlapresentacion.edu.co\/portal\/?page_id=25366"},"modified":"2022-03-16T15:53:19","modified_gmt":"2022-03-16T15:53:19","slug":"resena-historica","status":"publish","type":"page","link":"https:\/\/iedlapresentacion.edu.co\/portal\/resena-historica\/","title":{"rendered":"Rese\u00f1a historica"},"content":{"rendered":"\t\t<div data-elementor-type=\"wp-page\" data-elementor-id=\"25366\" class=\"elementor elementor-25366\" data-elementor-settings=\"[]\">\n\t\t\t\t\t\t<div class=\"elementor-inner\">\n\t\t\t\t\t\t\t<div class=\"elementor-section-wrap\">\n\t\t\t\t\t\t\t<section data-marvy_enable_drop_animation=\"false\" data-marvy_enable_fancy_rotate=\"false\" data-marvy_enable_flying_object=\"false\" data-marvy_enable_ripples_animation=\"false\" data-marvy_enable_waves_animation=\"false\" data-marvy_enable_rings_animation=\"false\" data-marvy_enable_topology_animation=\"false\" data-marvy_enable_gradient_animation=\"false\" data-marvy_enable_snow_animation=\"false\" data-marvy_enable_firework_animation=\"false\" class=\"elementor-section elementor-top-section elementor-element elementor-element-f072b7e elementor-reverse-mobile elementor-section-boxed elementor-section-height-default elementor-section-height-default\" data-id=\"f072b7e\" data-element_type=\"section\" data-settings=\"{&quot;background_background&quot;:&quot;classic&quot;,&quot;shape_divider_bottom&quot;:&quot;mountains&quot;,&quot;shape_divider_top&quot;:&quot;mountains&quot;}\">\n\t\t\t\t\t\t\t<div class=\"elementor-background-overlay\"><\/div>\n\t\t\t\t\t\t<div class=\"elementor-shape elementor-shape-top\" data-negative=\"false\">\n\t\t\t<svg xmlns=\"http:\/\/www.w3.org\/2000\/svg\" viewBox=\"0 0 1000 100\" preserveAspectRatio=\"none\">\n\t<path class=\"elementor-shape-fill\" opacity=\"0.33\" d=\"M473,67.3c-203.9,88.3-263.1-34-320.3,0C66,119.1,0,59.7,0,59.7V0h1000v59.7 c0,0-62.1,26.1-94.9,29.3c-32.8,3.3-62.8-12.3-75.8-22.1C806,49.6,745.3,8.7,694.9,4.7S492.4,59,473,67.3z\"\/>\n\t<path class=\"elementor-shape-fill\" opacity=\"0.66\" d=\"M734,67.3c-45.5,0-77.2-23.2-129.1-39.1c-28.6-8.7-150.3-10.1-254,39.1 s-91.7-34.4-149.2,0C115.7,118.3,0,39.8,0,39.8V0h1000v36.5c0,0-28.2-18.5-92.1-18.5C810.2,18.1,775.7,67.3,734,67.3z\"\/>\n\t<path class=\"elementor-shape-fill\" d=\"M766.1,28.9c-200-57.5-266,65.5-395.1,19.5C242,1.8,242,5.4,184.8,20.6C128,35.8,132.3,44.9,89.9,52.5C28.6,63.7,0,0,0,0 h1000c0,0-9.9,40.9-83.6,48.1S829.6,47,766.1,28.9z\"\/>\n<\/svg>\t\t<\/div>\n\t\t\t\t<div class=\"elementor-shape elementor-shape-bottom\" data-negative=\"false\">\n\t\t\t<svg xmlns=\"http:\/\/www.w3.org\/2000\/svg\" viewBox=\"0 0 1000 100\" preserveAspectRatio=\"none\">\n\t<path class=\"elementor-shape-fill\" opacity=\"0.33\" d=\"M473,67.3c-203.9,88.3-263.1-34-320.3,0C66,119.1,0,59.7,0,59.7V0h1000v59.7 c0,0-62.1,26.1-94.9,29.3c-32.8,3.3-62.8-12.3-75.8-22.1C806,49.6,745.3,8.7,694.9,4.7S492.4,59,473,67.3z\"\/>\n\t<path class=\"elementor-shape-fill\" opacity=\"0.66\" d=\"M734,67.3c-45.5,0-77.2-23.2-129.1-39.1c-28.6-8.7-150.3-10.1-254,39.1 s-91.7-34.4-149.2,0C115.7,118.3,0,39.8,0,39.8V0h1000v36.5c0,0-28.2-18.5-92.1-18.5C810.2,18.1,775.7,67.3,734,67.3z\"\/>\n\t<path class=\"elementor-shape-fill\" d=\"M766.1,28.9c-200-57.5-266,65.5-395.1,19.5C242,1.8,242,5.4,184.8,20.6C128,35.8,132.3,44.9,89.9,52.5C28.6,63.7,0,0,0,0 h1000c0,0-9.9,40.9-83.6,48.1S829.6,47,766.1,28.9z\"\/>\n<\/svg>\t\t<\/div>\n\t\t\t\t\t<div class=\"elementor-container elementor-column-gap-default\">\n\t\t\t\t\t\t\t<div class=\"elementor-row\">\n\t\t\t\t\t<div class=\"elementor-column elementor-col-100 elementor-top-column elementor-element elementor-element-85fbb7d\" data-id=\"85fbb7d\" data-element_type=\"column\">\n\t\t\t<div class=\"elementor-column-wrap elementor-element-populated\">\n\t\t\t\t\t\t\t<div class=\"elementor-widget-wrap\">\n\t\t\t\t\t\t<div class=\"elementor-element elementor-element-c825cd7 elementor-widget elementor-widget-heading\" data-id=\"c825cd7\" data-element_type=\"widget\" data-widget_type=\"heading.default\">\n\t\t\t\t<div class=\"elementor-widget-container\">\n\t\t\t<h1 class=\"elementor-heading-title elementor-size-default\">Rese\u00f1a hist\u00f3rica<\/h1>\t\t<\/div>\n\t\t\t\t<\/div>\n\t\t\t\t\t\t<\/div>\n\t\t\t\t\t<\/div>\n\t\t<\/div>\n\t\t\t\t\t\t\t\t<\/div>\n\t\t\t\t\t<\/div>\n\t\t<\/section>\n\t\t\t\t<section data-marvy_enable_drop_animation=\"false\" data-marvy_enable_fancy_rotate=\"false\" data-marvy_enable_flying_object=\"false\" data-marvy_enable_ripples_animation=\"false\" data-marvy_enable_waves_animation=\"false\" data-marvy_enable_rings_animation=\"false\" data-marvy_enable_topology_animation=\"false\" data-marvy_enable_gradient_animation=\"false\" data-marvy_enable_snow_animation=\"false\" data-marvy_enable_firework_animation=\"false\" class=\"elementor-section elementor-top-section elementor-element elementor-element-tlenzp5 elementor-section-boxed elementor-section-height-default elementor-section-height-default elementor-invisible\" data-id=\"tlenzp5\" data-element_type=\"section\" data-settings=\"{&quot;background_background&quot;:&quot;classic&quot;,&quot;animation&quot;:&quot;fadeInUp&quot;}\">\n\t\t\t\t\t\t\t<div class=\"elementor-background-overlay\"><\/div>\n\t\t\t\t\t\t\t<div class=\"elementor-container elementor-column-gap-default\">\n\t\t\t\t\t\t\t<div class=\"elementor-row\">\n\t\t\t\t\t<div class=\"elementor-column elementor-col-100 elementor-top-column elementor-element elementor-element-dd305b2\" data-id=\"dd305b2\" data-element_type=\"column\">\n\t\t\t<div class=\"elementor-column-wrap elementor-element-populated\">\n\t\t\t\t\t\t\t<div class=\"elementor-widget-wrap\">\n\t\t\t\t\t\t<div class=\"elementor-element elementor-element-3171737 elementor-invisible elementor-widget elementor-widget-text-editor\" data-id=\"3171737\" data-element_type=\"widget\" data-settings=\"{&quot;_animation&quot;:&quot;fadeIn&quot;}\" data-widget_type=\"text-editor.default\">\n\t\t\t\t<div class=\"elementor-widget-container\">\n\t\t\t\t\t\t\t\t<div class=\"elementor-text-editor elementor-clearfix\">\n\t\t\t\t<p>Sus inicios se remontan mucho antes de la primera y antigua iglesia de San Roque. Cuando en el a\u00f1o 1853, se inician los trabajos de construcci\u00f3n de la iglesia, el sector se ordena y el templo se convierte en epicentro de este punto de la ciudad. Comienza a construirse viviendas en los sectores sure\u00f1os inmediatos al sector comercial, surgiendo as\u00ed el barrio, la ciudad fue creciendo y ante su auge comenzaron a llegar visitantes de las poblaciones cercanas como Galapa, Malambo y hasta de Santa Marta, Cartagena, al interior del pa\u00eds e incluso inmigrantes extranjeros que llegaban para quedarse definitivamente enamorados de su gente, \u00a0su clima y su futuro prospero, estos forasteros montaron sus fabricas, negocios y almacenes en la zona comercial y sus alrededores y l\u00f3gicamente sus residencias, relacion\u00e1ndose en un solo conglomerado en un clima de paz y sociabilidad.<\/p>\t\t\t\t\t<\/div>\n\t\t\t\t\t\t<\/div>\n\t\t\t\t<\/div>\n\t\t\t\t\t\t<\/div>\n\t\t\t\t\t<\/div>\n\t\t<\/div>\n\t\t\t\t\t\t\t\t<\/div>\n\t\t\t\t\t<\/div>\n\t\t<\/section>\n\t\t\t\t<section data-marvy_enable_drop_animation=\"false\" data-marvy_enable_fancy_rotate=\"false\" data-marvy_enable_flying_object=\"false\" data-marvy_enable_ripples_animation=\"false\" data-marvy_enable_waves_animation=\"false\" data-marvy_enable_rings_animation=\"false\" data-marvy_enable_topology_animation=\"false\" data-marvy_enable_gradient_animation=\"false\" data-marvy_enable_snow_animation=\"false\" data-marvy_enable_firework_animation=\"false\" class=\"elementor-section elementor-top-section elementor-element elementor-element-641eaff elementor-section-boxed elementor-section-height-default elementor-section-height-default\" data-id=\"641eaff\" data-element_type=\"section\">\n\t\t\t\t\t\t<div class=\"elementor-container elementor-column-gap-default\">\n\t\t\t\t\t\t\t<div class=\"elementor-row\">\n\t\t\t\t\t<div class=\"elementor-column elementor-col-100 elementor-top-column elementor-element elementor-element-70f50c3\" data-id=\"70f50c3\" data-element_type=\"column\">\n\t\t\t<div class=\"elementor-column-wrap elementor-element-populated\">\n\t\t\t\t\t\t\t<div class=\"elementor-widget-wrap\">\n\t\t\t\t\t\t<div class=\"elementor-element elementor-element-db0b31a elementor-arrows-position-outside elementor-pagination-position-outside elementor-widget elementor-widget-image-carousel\" data-id=\"db0b31a\" data-element_type=\"widget\" data-settings=\"{&quot;navigation&quot;:&quot;both&quot;,&quot;autoplay&quot;:&quot;yes&quot;,&quot;pause_on_hover&quot;:&quot;yes&quot;,&quot;pause_on_interaction&quot;:&quot;yes&quot;,&quot;autoplay_speed&quot;:5000,&quot;infinite&quot;:&quot;yes&quot;,&quot;speed&quot;:500}\" data-widget_type=\"image-carousel.default\">\n\t\t\t\t<div class=\"elementor-widget-container\">\n\t\t\t\t\t<div class=\"elementor-image-carousel-wrapper swiper-container\" dir=\"ltr\">\n\t\t\t<div class=\"elementor-image-carousel swiper-wrapper\">\n\t\t\t\t\t\t\t\t<div class=\"swiper-slide\"><figure class=\"swiper-slide-inner\"><img decoding=\"async\" class=\"swiper-slide-image\" src=\"https:\/\/iedlapresentacion.edu.co\/portal\/wp-content\/uploads\/2022\/03\/WhatsApp-Image-2022-03-04-at-7.26.33-AM-150x150.jpeg\" alt=\"WhatsApp Image 2022-03-04 at 7.26.33 AM\" \/><\/figure><\/div><div class=\"swiper-slide\"><figure class=\"swiper-slide-inner\"><img decoding=\"async\" class=\"swiper-slide-image\" src=\"https:\/\/iedlapresentacion.edu.co\/portal\/wp-content\/uploads\/2022\/03\/WhatsApp-Image-2022-03-04-at-7.26.34-AM-150x150.jpeg\" alt=\"WhatsApp Image 2022-03-04 at 7.26.34 AM\" \/><\/figure><\/div><div class=\"swiper-slide\"><figure class=\"swiper-slide-inner\"><img decoding=\"async\" class=\"swiper-slide-image\" src=\"https:\/\/iedlapresentacion.edu.co\/portal\/wp-content\/uploads\/2022\/03\/WhatsApp-Image-2022-03-04-at-7.26.34-AM-1-150x150.jpeg\" alt=\"WhatsApp Image 2022-03-04 at 7.26.34 AM (1)\" \/><\/figure><\/div><div class=\"swiper-slide\"><figure class=\"swiper-slide-inner\"><img decoding=\"async\" class=\"swiper-slide-image\" src=\"https:\/\/iedlapresentacion.edu.co\/portal\/wp-content\/uploads\/2022\/03\/WhatsApp-Image-2022-03-04-at-7.26.35-AM-150x150.jpeg\" alt=\"WhatsApp Image 2022-03-04 at 7.26.35 AM\" \/><\/figure><\/div><div class=\"swiper-slide\"><figure class=\"swiper-slide-inner\"><img decoding=\"async\" class=\"swiper-slide-image\" src=\"https:\/\/iedlapresentacion.edu.co\/portal\/wp-content\/uploads\/2022\/03\/WhatsApp-Image-2022-03-04-at-7.26.35-AM-1-150x150.jpeg\" alt=\"WhatsApp Image 2022-03-04 at 7.26.35 AM (1)\" \/><\/figure><\/div><div class=\"swiper-slide\"><figure class=\"swiper-slide-inner\"><img decoding=\"async\" class=\"swiper-slide-image\" src=\"https:\/\/iedlapresentacion.edu.co\/portal\/wp-content\/uploads\/2022\/03\/WhatsApp-Image-2022-03-04-at-7.26.36-AM-150x150.jpeg\" alt=\"WhatsApp Image 2022-03-04 at 7.26.36 AM\" \/><\/figure><\/div><div class=\"swiper-slide\"><figure class=\"swiper-slide-inner\"><img decoding=\"async\" class=\"swiper-slide-image\" src=\"https:\/\/iedlapresentacion.edu.co\/portal\/wp-content\/uploads\/2022\/03\/WhatsApp-Image-2022-03-04-at-7.26.37-AM-150x150.jpeg\" alt=\"WhatsApp Image 2022-03-04 at 7.26.37 AM\" \/><\/figure><\/div><div class=\"swiper-slide\"><figure class=\"swiper-slide-inner\"><img decoding=\"async\" class=\"swiper-slide-image\" src=\"https:\/\/iedlapresentacion.edu.co\/portal\/wp-content\/uploads\/2022\/03\/WhatsApp-Image-2022-03-04-at-7.26.37-AM-1-150x150.jpeg\" alt=\"WhatsApp Image 2022-03-04 at 7.26.37 AM (1)\" \/><\/figure><\/div><div class=\"swiper-slide\"><figure class=\"swiper-slide-inner\"><img decoding=\"async\" class=\"swiper-slide-image\" src=\"https:\/\/iedlapresentacion.edu.co\/portal\/wp-content\/uploads\/2022\/03\/WhatsApp-Image-2022-03-04-at-7.26.38-AM-150x150.jpeg\" alt=\"WhatsApp Image 2022-03-04 at 7.26.38 AM\" \/><\/figure><\/div><div class=\"swiper-slide\"><figure class=\"swiper-slide-inner\"><img decoding=\"async\" class=\"swiper-slide-image\" src=\"https:\/\/iedlapresentacion.edu.co\/portal\/wp-content\/uploads\/2022\/03\/WhatsApp-Image-2022-03-04-at-7.26.38-AM-1-150x150.jpeg\" alt=\"WhatsApp Image 2022-03-04 at 7.26.38 AM (1)\" \/><\/figure><\/div><div class=\"swiper-slide\"><figure class=\"swiper-slide-inner\"><img decoding=\"async\" class=\"swiper-slide-image\" src=\"https:\/\/iedlapresentacion.edu.co\/portal\/wp-content\/uploads\/2022\/03\/WhatsApp-Image-2022-03-04-at-7.26.39-AM-150x150.jpeg\" alt=\"WhatsApp Image 2022-03-04 at 7.26.39 AM\" \/><\/figure><\/div><div class=\"swiper-slide\"><figure class=\"swiper-slide-inner\"><img decoding=\"async\" class=\"swiper-slide-image\" src=\"https:\/\/iedlapresentacion.edu.co\/portal\/wp-content\/uploads\/2022\/03\/WhatsApp-Image-2022-03-04-at-7.26.39-AM-1-150x150.jpeg\" alt=\"WhatsApp Image 2022-03-04 at 7.26.39 AM (1)\" \/><\/figure><\/div><div class=\"swiper-slide\"><figure class=\"swiper-slide-inner\"><img decoding=\"async\" class=\"swiper-slide-image\" src=\"https:\/\/iedlapresentacion.edu.co\/portal\/wp-content\/uploads\/2022\/03\/WhatsApp-Image-2022-03-04-at-7.26.40-AM-150x150.jpeg\" alt=\"WhatsApp Image 2022-03-04 at 7.26.40 AM\" \/><\/figure><\/div><div class=\"swiper-slide\"><figure class=\"swiper-slide-inner\"><img decoding=\"async\" class=\"swiper-slide-image\" src=\"https:\/\/iedlapresentacion.edu.co\/portal\/wp-content\/uploads\/2022\/03\/WhatsApp-Image-2022-03-04-at-7.26.40-AM-1-150x150.jpeg\" alt=\"WhatsApp Image 2022-03-04 at 7.26.40 AM (1)\" \/><\/figure><\/div><div class=\"swiper-slide\"><figure class=\"swiper-slide-inner\"><img decoding=\"async\" class=\"swiper-slide-image\" src=\"https:\/\/iedlapresentacion.edu.co\/portal\/wp-content\/uploads\/2022\/03\/WhatsApp-Image-2022-03-04-at-7.26.41-AM-150x150.jpeg\" alt=\"WhatsApp Image 2022-03-04 at 7.26.41 AM\" \/><\/figure><\/div><div class=\"swiper-slide\"><figure class=\"swiper-slide-inner\"><img decoding=\"async\" class=\"swiper-slide-image\" src=\"https:\/\/iedlapresentacion.edu.co\/portal\/wp-content\/uploads\/2022\/03\/WhatsApp-Image-2022-03-04-at-7.26.41-AM-1-150x150.jpeg\" alt=\"WhatsApp Image 2022-03-04 at 7.26.41 AM (1)\" \/><\/figure><\/div><div class=\"swiper-slide\"><figure class=\"swiper-slide-inner\"><img decoding=\"async\" class=\"swiper-slide-image\" src=\"https:\/\/iedlapresentacion.edu.co\/portal\/wp-content\/uploads\/2022\/03\/WhatsApp-Image-2022-03-04-at-7.26.42-AM-150x150.jpeg\" alt=\"WhatsApp Image 2022-03-04 at 7.26.42 AM\" \/><\/figure><\/div><div class=\"swiper-slide\"><figure class=\"swiper-slide-inner\"><img decoding=\"async\" class=\"swiper-slide-image\" src=\"https:\/\/iedlapresentacion.edu.co\/portal\/wp-content\/uploads\/2022\/03\/WhatsApp-Image-2022-03-04-at-7.26.42-AM-1-150x150.jpeg\" alt=\"WhatsApp Image 2022-03-04 at 7.26.42 AM (1)\" \/><\/figure><\/div><div class=\"swiper-slide\"><figure class=\"swiper-slide-inner\"><img decoding=\"async\" class=\"swiper-slide-image\" src=\"https:\/\/iedlapresentacion.edu.co\/portal\/wp-content\/uploads\/2022\/03\/WhatsApp-Image-2022-03-04-at-7.26.43-AM-150x150.jpeg\" alt=\"WhatsApp Image 2022-03-04 at 7.26.43 AM\" \/><\/figure><\/div><div class=\"swiper-slide\"><figure class=\"swiper-slide-inner\"><img decoding=\"async\" class=\"swiper-slide-image\" src=\"https:\/\/iedlapresentacion.edu.co\/portal\/wp-content\/uploads\/2022\/03\/WhatsApp-Image-2022-03-04-at-7.26.43-AM-1-150x150.jpeg\" alt=\"WhatsApp Image 2022-03-04 at 7.26.43 AM (1)\" \/><\/figure><\/div>\t\t\t<\/div>\n\t\t\t\t\t\t\t\t\t\t\t\t<div class=\"swiper-pagination\"><\/div>\n\t\t\t\t\t\t\t\t\t\t\t\t\t<div class=\"elementor-swiper-button elementor-swiper-button-prev\">\n\t\t\t\t\t\t<i aria-hidden=\"true\" class=\"eicon-chevron-left\"><\/i>\t\t\t\t\t\t<span class=\"elementor-screen-only\">Anterior<\/span>\n\t\t\t\t\t<\/div>\n\t\t\t\t\t<div class=\"elementor-swiper-button elementor-swiper-button-next\">\n\t\t\t\t\t\t<i aria-hidden=\"true\" class=\"eicon-chevron-right\"><\/i>\t\t\t\t\t\t<span class=\"elementor-screen-only\">Siguiente<\/span>\n\t\t\t\t\t<\/div>\n\t\t\t\t\t\t\t\t\t<\/div>\n\t\t\t\t<\/div>\n\t\t\t\t<\/div>\n\t\t\t\t\t\t<\/div>\n\t\t\t\t\t<\/div>\n\t\t<\/div>\n\t\t\t\t\t\t\t\t<\/div>\n\t\t\t\t\t<\/div>\n\t\t<\/section>\n\t\t\t\t\t\t<\/div>\n\t\t\t\t\t\t<\/div>\n\t\t\t\t\t<\/div>\n\t\t","protected":false},"excerpt":{"rendered":"<p>Rese\u00f1a hist\u00f3rica Sus inicios se remontan mucho antes de la primera y antigua iglesia de San Roque. Cuando en el a\u00f1o 1853, se inician los trabajos de construcci\u00f3n de la iglesia, el sector se ordena y el templo se convierte en epicentro de este punto de la ciudad. Comienza a construirse viviendas en los sectores &hellip;<\/p>\n<p class=\"read-more\"> <a class=\"\" href=\"https:\/\/iedlapresentacion.edu.co\/portal\/resena-historica\/\"> <span class=\"screen-reader-text\">Rese\u00f1a historica<\/span> Leer m\u00e1s &raquo;<\/a><\/p>\n","protected":false},"author":1,"featured_media":0,"parent":0,"menu_order":0,"comment_status":"closed","ping_status":"closed","template":"","meta":{"site-sidebar-layout":"no-sidebar","site-content-layout":"page-builder","ast-main-header-display":"","ast-hfb-above-header-display":"","ast-hfb-below-header-display":"","ast-hfb-mobile-header-display":"","site-post-title":"disabled","ast-breadcrumbs-content":"","ast-featured-img":"disabled","footer-sml-layout":"","theme-transparent-header-meta":"default","adv-header-id-meta":"","stick-header-meta":"","header-above-stick-meta":"","header-main-stick-meta":"","header-below-stick-meta":"","footnotes":""},"_links":{"self":[{"href":"https:\/\/iedlapresentacion.edu.co\/portal\/wp-json\/wp\/v2\/pages\/25366"}],"collection":[{"href":"https:\/\/iedlapresentacion.edu.co\/portal\/wp-json\/wp\/v2\/pages"}],"about":[{"href":"https:\/\/iedlapresentacion.edu.co\/portal\/wp-json\/wp\/v2\/types\/page"}],"author":[{"embeddable":true,"href":"https:\/\/iedlapresentacion.edu.co\/portal\/wp-json\/wp\/v2\/users\/1"}],"replies":[{"embeddable":true,"href":"https:\/\/iedlapresentacion.edu.co\/portal\/wp-json\/wp\/v2\/comments?post=25366"}],"version-history":[{"count":39,"href":"https:\/\/iedlapresentacion.edu.co\/portal\/wp-json\/wp\/v2\/pages\/25366\/revisions"}],"predecessor-version":[{"id":25889,"href":"https:\/\/iedlapresentacion.edu.co\/portal\/wp-json\/wp\/v2\/pages\/25366\/revisions\/25889"}],"wp:attachment":[{"href":"https:\/\/iedlapresentacion.edu.co\/portal\/wp-json\/wp\/v2\/media?parent=25366"}],"curies":[{"name":"wp","href":"https:\/\/api.w.org\/{rel}","templated":true}]}}